{"id":59,"date":"2011-04-29T21:26:56","date_gmt":"2011-04-29T19:26:56","guid":{"rendered":"http:\/\/steppschuh.net\/blog\/?page_id=59"},"modified":"2012-04-28T16:26:04","modified_gmt":"2012-04-28T14:26:04","slug":"software","status":"publish","type":"page","link":"http:\/\/steppschuh.net\/blog\/?page_id=59","title":{"rendered":"Software"},"content":{"rendered":"<p style=\"text-align: justify;\">In der \u00dcbersicht werden Sie selbst entwickelte Programme und Tools finden. Grunds\u00e4tzlich wird keine Installation ben\u00f6tigt, ein Betriebssystem ab Windows XP wird jedoch vorausgesetzt. Zudem ben\u00f6tigen Sie das <a href=\"http:\/\/www.microsoft.com\/net\/download.aspx\" title=\".Net Framework\" target=\"_blank\">.Net Framework<\/a> ab Version 2.0 .<\/p>\n<p><iframe loading=\"lazy\" src=\"http:\/\/steppschuh.net\/software\/list.php\" name=\"softwaretable\" width=\"100%\" height=\"600\" scrolling=\"no\" frameborder=\"0\" marginheight=\"0px\" marginwidth=\"0px\" hspace=\"0px\"><br \/>\nDie Software \u00dcbersicht kann nicht dargestellt werden. Ihr Browser unterst\u00fctzt keine iFrames. <a target=\"_blank\" href=\"http:\/\/steppschuh.net\/software\/list.php\">Im neuen Fenser \u00f6ffnen<\/a>.<br \/>\n<\/iframe><\/p>\n<div align=\"center\">\n<p>Da die hier angebotene Software kostenlos zur Verf\u00fcgung steht, w\u00fcrde ich mich \u00fcber eine Spende sehr freuen. Vielen Dank!<\/p>\n<form action=\"https:\/\/www.paypal.com\/cgi-bin\/webscr\" method=\"post\" style=\"border:none;\">\n<input type=\"hidden\" name=\"cmd\" value=\"_s-xclick\"><br \/>\n<input type=\"hidden\" name=\"hosted_button_id\" value=\"FAMRY2Y869VSU\"><br \/>\n<input type=\"image\" src=\"https:\/\/www.paypal.com\/en_US\/i\/btn\/btn_donateCC_LG.gif\" style=\"border:none;\" border=\"0\" name=\"submit\" alt=\"Thank you for your donation!\"><br \/>\n<img loading=\"lazy\" decoding=\"async\" alt=\"PayPal\" border=\"0\" src=\"https:\/\/www.paypalobjects.com\/de_DE\/i\/scr\/pixel.gif\" width=\"1\" height=\"1\"><br \/>\n<\/form>\n<\/div>\n","protected":false},"excerpt":{"rendered":"<p>In der \u00dcbersicht werden Sie selbst entwickelte Programme und Tools finden. Grunds\u00e4tzlich wird keine Installation ben\u00f6tigt, ein Betriebssystem ab Windows XP wird jedoch vorausgesetzt. Zudem ben\u00f6tigen Sie das .Net Framework ab Version 2.0 . Die Software \u00dcbersicht kann nicht dargestellt werden. Ihr Browser unterst\u00fctzt keine iFrames. Im neuen Fenser \u00f6ffnen. Da die hier angebotene Software &hellip; <a href=\"http:\/\/steppschuh.net\/blog\/?page_id=59\" class=\"more-link\">Continue reading <span class=\"screen-reader-text\">Software<\/span><\/a><\/p>\n","protected":false},"author":1,"featured_media":0,"parent":0,"menu_order":0,"comment_status":"open","ping_status":"open","template":"","meta":{"footnotes":""},"class_list":["post-59","page","type-page","status-publish","hentry"],"_links":{"self":[{"href":"http:\/\/steppschuh.net\/blog\/index.php?rest_route=\/wp\/v2\/pages\/59","targetHints":{"allow":["GET"]}}],"collection":[{"href":"http:\/\/steppschuh.net\/blog\/index.php?rest_route=\/wp\/v2\/pages"}],"about":[{"href":"http:\/\/steppschuh.net\/blog\/index.php?rest_route=\/wp\/v2\/types\/page"}],"author":[{"embeddable":true,"href":"http:\/\/steppschuh.net\/blog\/index.php?rest_route=\/wp\/v2\/users\/1"}],"replies":[{"embeddable":true,"href":"http:\/\/steppschuh.net\/blog\/index.php?rest_route=%2Fwp%2Fv2%2Fcomments&post=59"}],"version-history":[{"count":11,"href":"http:\/\/steppschuh.net\/blog\/index.php?rest_route=\/wp\/v2\/pages\/59\/revisions"}],"predecessor-version":[{"id":61,"href":"http:\/\/steppschuh.net\/blog\/index.php?rest_route=\/wp\/v2\/pages\/59\/revisions\/61"}],"wp:attachment":[{"href":"http:\/\/steppschuh.net\/blog\/index.php?rest_route=%2Fwp%2Fv2%2Fmedia&parent=59"}],"curies":[{"name":"wp","href":"https:\/\/api.w.org\/{rel}","templated":true}]}}